{"id":23,"date":"2025-07-21T09:51:13","date_gmt":"2025-07-21T07:51:13","guid":{"rendered":"https:\/\/digitalbusinessclub.pl\/?page_id=23"},"modified":"2025-07-21T09:59:17","modified_gmt":"2025-07-21T07:59:17","slug":"digital-business-club","status":"publish","type":"page","link":"https:\/\/digitalbusinessclub.pl\/","title":{"rendered":"Digital Business Club &#8211; biznes i networking"},"content":{"rendered":"\n<p><a href=\"https:\/\/app.zencal.io\/u\/biznesowe-spotkania-networkingowe\/\" data-type=\"link\" data-id=\"https:\/\/app.zencal.io\/u\/biznesowe-spotkania-networkingowe\/\">Kalendarz spotka\u0144 netwotkingowych<\/a><\/p>\n\n\n\n<p><a href=\"https:\/\/www.facebook.com\/groups\/1299788604634663\">Grupa na Facebook<\/a><\/p>\n\n\n\n<p><a href=\"https:\/\/www.instagram.com\/biznesowynetworking\" data-type=\"link\" data-id=\"https:\/\/www.instagram.com\/biznesowynetworking\">Instagram<\/a><\/p>\n\n\n\n<p>Wkr\u00f3tce wi\u0119cej informacji!<\/p>\n","protected":false},"excerpt":{"rendered":"<p>Kalendarz spotka\u0144 netwotkingowych Grupa na Facebook Instagram Wkr\u00f3tce wi\u0119cej informacji!<\/p>\n","protected":false},"author":1,"featured_media":0,"parent":0,"menu_order":0,"comment_status":"closed","ping_status":"closed","template":"","meta":{"footnotes":""},"class_list":["post-23","page","type-page","status-publish","hentry","entry"],"_links":{"self":[{"href":"https:\/\/digitalbusinessclub.pl\/index.php?rest_route=\/wp\/v2\/pages\/23","targetHints":{"allow":["GET"]}}],"collection":[{"href":"https:\/\/digitalbusinessclub.pl\/index.php?rest_route=\/wp\/v2\/pages"}],"about":[{"href":"https:\/\/digitalbusinessclub.pl\/index.php?rest_route=\/wp\/v2\/types\/page"}],"author":[{"embeddable":true,"href":"https:\/\/digitalbusinessclub.pl\/index.php?rest_route=\/wp\/v2\/users\/1"}],"replies":[{"embeddable":true,"href":"https:\/\/digitalbusinessclub.pl\/index.php?rest_route=%2Fwp%2Fv2%2Fcomments&post=23"}],"version-history":[{"count":4,"href":"https:\/\/digitalbusinessclub.pl\/index.php?rest_route=\/wp\/v2\/pages\/23\/revisions"}],"predecessor-version":[{"id":30,"href":"https:\/\/digitalbusinessclub.pl\/index.php?rest_route=\/wp\/v2\/pages\/23\/revisions\/30"}],"wp:attachment":[{"href":"https:\/\/digitalbusinessclub.pl\/index.php?rest_route=%2Fwp%2Fv2%2Fmedia&parent=23"}],"curies":[{"name":"wp","href":"https:\/\/api.w.org\/{rel}","templated":true}]}}